{"id":1631,"date":"2018-02-02T11:41:42","date_gmt":"2018-02-02T10:41:42","guid":{"rendered":"http:\/\/lib.aua-toulouse.org\/BelvedeRPlus\/index.php\/politique-de-cookie\/"},"modified":"2018-02-14T10:04:07","modified_gmt":"2018-02-14T09:04:07","slug":"politique-de-cookie","status":"publish","type":"page","link":"https:\/\/revue-belveder.org\/index.php\/politique-de-cookie\/","title":{"rendered":"Politique de cookie"},"content":{"rendered":"<h4>Utilisation de cookies<\/h4>\n<\/p>\n<p class=\"chapo\">Nous vous informons sur l\u2019utilisation des cookies de nos sites et comment les param\u00e9trer.<\/p>\n<h4>Qu\u2019est-ce qu\u2019un cookie ?<\/h4>\n<p class=\"bodytext\">Les cookies sont des fichiers texte plac\u00e9s sur votre ordinateur, votre tablette ou smartphone lors de la visite d&#8217;un site. Ils ont pour but de collecter des informations relatives \u00e0 votre navigation pour r\u00e9aliser des statistiques. Ils sont g\u00e9r\u00e9s par votre navigateur internet.<\/p>\n<h4>Pourquoi utiliser des cookies ?<\/h4>\n<p class=\"bodytext\">Ils permettent de v\u00e9rifier le bon fonctionnement du site. Nous utilisons des cookies pour mesurer l\u2019audience de nos sites afin d&#8217;analyser la fr\u00e9quentation et l\u2019utilisation de nos outils.<\/p>\n<h4>Comment accepter ou refuser les cookies ?<\/h4>\n<p class=\"bodytext\">Vous avez le choix d&#8217;accepter ou de refuser les cookies. La rubrique \u00ab Aide \u00bb des navigateurs vous indique comment param\u00e9trer et d\u00e9sactiver les cookies.<\/p>\n<p class=\"bodytext\">Pour plus d&#8217;informations sur les cookies, visitez le <a title=\"CNIL\" href=\"http:\/\/www.cnil.fr\/vos-obligations\/sites-web-cookies-et-autres-traceurs\/que-dit-la-loi\/\" target=\"_blank\">site de la CNIL<\/a>.<\/p>\n","protected":false},"excerpt":{"rendered":"<p>Utilisation de cookies Nous vous informons sur l\u2019utilisation des cookies de nos sites et comment les param\u00e9trer. Qu\u2019est-ce qu\u2019un cookie ? Les cookies sont des fichiers texte plac\u00e9s sur votre ordinateur, votre tablette ou smartphone lors de la visite d&#8217;un&hellip; <\/p>\n","protected":false},"author":2,"featured_media":0,"parent":0,"menu_order":0,"comment_status":"closed","ping_status":"closed","template":"","meta":[],"_links":{"self":[{"href":"https:\/\/revue-belveder.org\/index.php\/wp-json\/wp\/v2\/pages\/1631"}],"collection":[{"href":"https:\/\/revue-belveder.org\/index.php\/wp-json\/wp\/v2\/pages"}],"about":[{"href":"https:\/\/revue-belveder.org\/index.php\/wp-json\/wp\/v2\/types\/page"}],"author":[{"embeddable":true,"href":"https:\/\/revue-belveder.org\/index.php\/wp-json\/wp\/v2\/users\/2"}],"replies":[{"embeddable":true,"href":"https:\/\/revue-belveder.org\/index.php\/wp-json\/wp\/v2\/comments?post=1631"}],"version-history":[{"count":5,"href":"https:\/\/revue-belveder.org\/index.php\/wp-json\/wp\/v2\/pages\/1631\/revisions"}],"predecessor-version":[{"id":1752,"href":"https:\/\/revue-belveder.org\/index.php\/wp-json\/wp\/v2\/pages\/1631\/revisions\/1752"}],"wp:attachment":[{"href":"https:\/\/revue-belveder.org\/index.php\/wp-json\/wp\/v2\/media?parent=1631"}],"curies":[{"name":"wp","href":"https:\/\/api.w.org\/{rel}","templated":true}]}}