{"id":1875,"date":"2018-05-25T13:58:16","date_gmt":"2018-05-25T11:58:16","guid":{"rendered":"https:\/\/revue-belveder.org\/?page_id=1875"},"modified":"2026-03-23T11:23:30","modified_gmt":"2026-03-23T10:23:30","slug":"politique-de-confidentialite","status":"publish","type":"page","link":"https:\/\/revue-belveder.org\/index.php\/politique-de-confidentialite\/","title":{"rendered":"Politique de confidentialit\u00e9 et mentions l\u00e9gales"},"content":{"rendered":"<p style=\"text-align: left;\">Dans le cadre de son activit\u00e9, l\u2019agence d\u2019urbanisme de l&#8217;aire toulousaine est amen\u00e9e \u00e0 collecter des informations personnelles. Soucieuse du respect de la vie priv\u00e9e et de la protection des donn\u00e9es personnelles, elle a toujours limit\u00e9 la r\u00e9colte et les traitements dont elles font l\u2019objet. La r\u00e9cente \u00e9volution de la l\u00e9gislation europ\u00e9enne lui donne l\u2019occasion de repr\u00e9ciser sa politique de confidentialit\u00e9. Voici les r\u00e8gles appliqu\u00e9es aux donn\u00e9es personnelles pouvant \u00eatre r\u00e9colt\u00e9es au travers des diff\u00e9rents sites internet propos\u00e9s par l&#8217;AUAT.<\/p>\n<h3 style=\"text-align: left;\">&gt; Sites grand public (acc\u00e8s libre et direct )<\/h3>\n<h4 style=\"text-align: left;\">Adresse IP<\/h4>\n<p style=\"text-align: left;\">Le simple fait d\u2019acc\u00e9der \u00e0 un site internet permet au syst\u00e8me h\u00e9bergeant le service d\u2019enregistrer l\u2019adresse IP du syst\u00e8me demandeur. Cette adresse est consid\u00e9r\u00e9e comme une donn\u00e9e personnelle.<\/p>\n<p style=\"text-align: left;\">Pour sa part, l\u2019agence ne collecte et n\u2019enregistre cette adresse qu\u2019\u00e0 des fins de maintenance et de s\u00e9curit\u00e9 de ses serveurs et de ses infrastructures. Aucun traitement particulier et syst\u00e9matique n\u2019est appliqu\u00e9 \u00e0 ces donn\u00e9es. Elles sont r\u00e9colt\u00e9es et enregistr\u00e9es selon les proc\u00e9dures standard propres \u00e0 chaque service (fichier de logs). La dur\u00e9e de conservation de ces donn\u00e9es est variable selon le m\u00eame crit\u00e8re, mais elle n\u2019exc\u00e8de jamais quelques jours.<\/p>\n<h4 style=\"text-align: left;\">Suivi d\u2019audience<\/h4>\n<p style=\"text-align: left;\">Dans le cadre de sa politique d\u2019am\u00e9lioration des services, l&#8217;AUAT effectue un suivi d\u2019audience des diff\u00e9rents sites internet qu\u2019elle propose. Pour cela, elle utilise le syst\u00e8me de suivi de fr\u00e9quentation de site MATOMO. Conform\u00e9ment aux recommandations de la CNIL, il a \u00e9t\u00e9 param\u00e9tr\u00e9 pour r\u00e9pondre aux nouvelles exigences de la r\u00e9glementation europ\u00e9enne (<em>Anonymization<\/em> des adresses IP, non-prorogation des cookies, etc.). La conservation des donn\u00e9es r\u00e9colt\u00e9es est limit\u00e9e \u00e0 13 mois.<\/p>\n<p style=\"text-align: left;\"><strong>Vous pouvez refuser le suivi de vos visites en cliquant sur le lien ci-dessous.<\/strong><\/p>\n<p style=\"text-align: left;\"><a href=\"http:\/\/analytic.aua-toulouse.org\/index.php?module=CoreAdminHome&amp;action=optOut&amp;language=fr\">Modifier vos options de suivi<\/a><\/p>\n<p style=\"text-align: left;\">Vous pouvez contacter le d\u00e9l\u00e9gu\u00e9 \u00e0 la protection des donn\u00e9es<br \/>\n\u00e0 cette adresse :\u00a0<a href=\"mailto:dpo@aua-toulouse.org\">dpo@aua-toulouse.org<\/a>.<\/p>\n<p style=\"text-align: left;\">Agence d\u2019urbanisme de l&#8217;aire toulousaine<br \/>\nLe Belv\u00e9d\u00e8re \u2013 11 bd des R\u00e9collets<br \/>\nCS 97802 \u2013 31078 Toulouse cedex 4<br \/>\nT\u00e9l. 05 62 26 86 26 \u2013 www.aua-toulouse.org<br \/>\n<img loading=\"lazy\" class=\"\" src=\"https:\/\/revue-belveder.org\/wp-content\/uploads\/2018\/02\/contact01.png\" alt=\"contactez-nous\" width=\"200\" height=\"23\" \/><\/p>\n<p style=\"text-align: left;\">Directeur de publication\u00a0: Yann Cabrol<\/p>\n<p style=\"text-align: left;\">Notre responsabilit\u00e9 ne saurait \u00eatre engag\u00e9e pour les liens externes qui vous sont propos\u00e9s dans les pages du pr\u00e9sent site. Merci de votre compr\u00e9hension.<\/p>\n<p style=\"text-align: left;\"><strong>Mentions L\u00e9gales<\/strong><\/p>\n<p style=\"text-align: left;\"><strong>H\u00e9bergement\u00a0: OVH<\/strong><br \/>\nRCS Lille M\u00e9tropole 424 761 419 00045<br \/>\nCode APE 6202A<br \/>\nSi\u00e8ge social\u00a0: 2 rue Kellermann<br \/>\n59100 Roubaix France<br \/>\nT\u00e9l\u00e9phone\u00a0:\u00a01007<br \/>\nH\u00e9bergeur\u00a0:\u00a0OVH SAS<\/p>\n<p style=\"text-align: left;\"><strong>Cr\u00e9dits Photos<\/strong>\u00a0:<\/p>\n<ul style=\"text-align: left;\">\n<li>Alamy\u00a0Stock Photo<\/li>\n<\/ul>\n","protected":false},"excerpt":{"rendered":"<p>Dans le cadre de son activit\u00e9, l\u2019agence d\u2019urbanisme de l&#8217;aire toulousaine est amen\u00e9e \u00e0 collecter des informations personnelles. Soucieuse du respect de la vie priv\u00e9e et de la protection des donn\u00e9es personnelles, elle a toujours limit\u00e9 la r\u00e9colte et les&hellip; <\/p>\n","protected":false},"author":2,"featured_media":0,"parent":0,"menu_order":0,"comment_status":"closed","ping_status":"closed","template":"","meta":[],"_links":{"self":[{"href":"https:\/\/revue-belveder.org\/index.php\/wp-json\/wp\/v2\/pages\/1875"}],"collection":[{"href":"https:\/\/revue-belveder.org\/index.php\/wp-json\/wp\/v2\/pages"}],"about":[{"href":"https:\/\/revue-belveder.org\/index.php\/wp-json\/wp\/v2\/types\/page"}],"author":[{"embeddable":true,"href":"https:\/\/revue-belveder.org\/index.php\/wp-json\/wp\/v2\/users\/2"}],"replies":[{"embeddable":true,"href":"https:\/\/revue-belveder.org\/index.php\/wp-json\/wp\/v2\/comments?post=1875"}],"version-history":[{"count":18,"href":"https:\/\/revue-belveder.org\/index.php\/wp-json\/wp\/v2\/pages\/1875\/revisions"}],"predecessor-version":[{"id":5410,"href":"https:\/\/revue-belveder.org\/index.php\/wp-json\/wp\/v2\/pages\/1875\/revisions\/5410"}],"wp:attachment":[{"href":"https:\/\/revue-belveder.org\/index.php\/wp-json\/wp\/v2\/media?parent=1875"}],"curies":[{"name":"wp","href":"https:\/\/api.w.org\/{rel}","templated":true}]}}