{"id":22,"date":"2017-10-26T16:25:18","date_gmt":"2017-10-26T14:25:18","guid":{"rendered":"http:\/\/lib.aua-toulouse.org\/BelvedeRPlus\/index.php\/blockquote-page\/"},"modified":"2026-03-23T11:24:26","modified_gmt":"2026-03-23T10:24:26","slug":"a-propos","status":"publish","type":"page","link":"https:\/\/revue-belveder.org\/index.php\/a-propos\/","title":{"rendered":"\u00c0 propos"},"content":{"rendered":"\r\n<h2><strong>BelvedeR<\/strong>\u00a0la revue collaborative de l\u2019<strong>AUAT<\/strong>,<br> l'agence d'urbanisme de l'aire toulousaine.<\/h2>\r\n<br><br>\r\n<div style=\"max-width:700px;\">\r\nL\u2019intention de la revue est d\u2019ouvrir et de nourrir le d\u00e9bat autour des enjeux \u00ab\u00a0m\u00e9tropolitains\u00a0\u00bb, des territoires et de leurs habitants. Il s\u2019agit de d\u00e9fricher et d\u2019explorer les sujets d\u2019avenir, de donner des cl\u00e9s de compr\u00e9hension de ce que sont les enjeux territoriaux, la complexit\u00e9 urbaine, les dynamiques qui s\u2019y jouent\u2026\r\n<br><br>\r\n<strong>BelvedeR<\/strong> a pour ambition de faire avancer la r\u00e9flexion urbaine et de contribuer \u00e0 sa diffusion au plus grand nombre. Pour cela, le projet entend offrir un espace de dialogue et de confrontation des id\u00e9es, permettant l\u2019expression de regards crois\u00e9s\u00a0: ceux port\u00e9s par la diversit\u00e9 des disciplines qui s\u2019int\u00e9ressent \u00e0 la ville, au territoire et \u00e0 l'am\u00e9nagement ; ceux port\u00e9s sur d\u2019autres territoires en France et \u00e0 l'international ; regards aussi des professionnels de l'urbanisme, des habitants, du monde associatif\u2026\r\n<br><br>\r\nChaque num\u00e9ro investit une th\u00e9matique et des questionnements nourris par un Comit\u00e9 d\u2019Orientation rassemblant largement les partenaires de la r\u00e9flexion urbaine toulousaine.\r\n<br><br>\r\n<strong>Faites vos recherches th\u00e9matiques<\/strong>\r\n<br><br>\r\nCe site prolonge l'\u00e9dition papier de la revue BelvedR et vous permet d'acc\u00e9der \u00e0 tous les articles, de les t\u00e9l\u00e9charger par th\u00e9matiques et auteurs.\r\n<br><br><br>\r\n<\/div>\r\nTous les num\u00e9ros\u00a0:\r\n<br><br>\r\n<div class=\"couverture couv_small\">\r\n      <a href=\"..\/..\/index.php\/belveder-n-14\/\" target=\"_blank\" rel=\"noopener\">\r\n\t\t   <p class=\"couv_date\">Num\u00e9ro 14 - octobre 2025<\/p>\r\n\t  \t   <img class=\"imageCouverture\" src=\"..\/..\/wp-content\/uploads\/PDF\/N14\/Belvedern014.png\" alt=\"BelvedeR_N14\"\/>\r\n\t\t   <p class=\"couv_titre\">D\u00e9tours d\u00e9mographiques<\/p>\r\n\t  <\/a>\r\n<\/div>\r\n<div class=\"couverture couv_small\">\r\n      <a href=\"..\/..\/index.php\/belveder-n13\/\" target=\"_blank\" rel=\"noopener\">\r\n\t\t   <p class=\"couv_date\">Num\u00e9ro 13 - d\u00e9cembre 2024<\/p>\r\n\t  \t   <img class=\"imageCouverture\" src=\"..\/..\/wp-content\/uploads\/2025\/02\/couverture_n13.png\" alt=\"BelvedeR_N13\"\/>\r\n\t\t   <p class=\"couv_titre\">Pyr\u00e9n\u00e9es si loin si proches<\/p>\r\n\t  <\/a>\r\n<\/div>\r\n<div class=\"couverture couv_small\">\r\n      <a href=\"..\/..\/index.php\/belveder-n12\/\" target=\"_blank\" rel=\"noopener\">\r\n\t\t   <p class=\"couv_date\">Num\u00e9ro 12 - mars 2024<\/p>\r\n\t  \t   <img class=\"imageCouverture\" src=\"..\/..\/wp-content\/uploads\/2024\/03\/Belveder12_vdef_Page_01-scaled.jpg\" alt=\"BelvedeR_N12\"\/>\r\n\t\t   <p class=\"couv_titre\">D\u00e9carboner les territoires<\/p>\r\n\t  <\/a>\r\n<\/div>\r\n<div class=\"couverture couv_small\">\r\n      <a href=\"..\/..\/index.php\/belveder-n11\/\" target=\"_blank\" rel=\"noopener\">\r\n\t\t   <p class=\"couv_date\">Num\u00e9ro 11 - septembre 2023<\/p>\r\n\t  \t   <img class=\"imageCouverture\" src=\"..\/..\/wp-content\/uploads\/2023\/09\/couverture_Belveder_n11.jpg\" alt=\"BelvedeR_N11\"\/>\r\n\t\t   <p class=\"couv_titre\">La ville terrain de sport<\/p>\r\n\t  <\/a>\r\n<\/div>\r\n<div class=\"couverture couv_small\">\r\n      <a href=\"..\/..\/index.php\/belveder-n10\/\" target=\"_blank\" rel=\"noopener\">\r\n\t\t   <p class=\"couv_date\">Num\u00e9ro 10 - septembre 2022<\/p>\r\n\t  \t   <img class=\"imageCouverture\" src=\"..\/..\/wp-content\/uploads\/2022\/10\/couverture_Belveder_n10.jpg\" alt=\"BelvedeR_N10\"\/>\r\n\t\t   <p class=\"couv_titre\">Variations autour du changement<\/p>\r\n\t  <\/a>\r\n<\/div>\r\n<div class=\"couverture couv_small\">\r\n      <a href=\"..\/..\/index.php\/belveder-n9\/\" target=\"_blank\" rel=\"noopener\">\r\n\t\t   <p class=\"couv_date\">Num\u00e9ro 9 - novembre 2021<\/p>\r\n\t  \t   <img class=\"imageCouverture\" src=\"..\/..\/wp-content\/uploads\/2021\/11\/couverture_Belveder_n9.jpg\" alt=\"BelvedeR_N9\"\/>\r\n\t\t   <p class=\"couv_titre\">Cultures et territoires en dialogue<\/p>\r\n\t  <\/a>\r\n<\/div>\r\n<div class=\"couverture couv_small\">\r\n      <a href=\"..\/..\/index.php\/belveder-n8\/\" target=\"_blank\" rel=\"noopener\">\r\n\t\t   <p class=\"couv_date\">Num\u00e9ro 8 - mars 2021<\/p>\r\n\t  \t   <img class=\"imageCouverture\" src=\"..\/..\/wp-content\/uploads\/2021\/04\/couverture_Belveder_n8.jpg\" alt=\"BelvedeR_N8\"\/>\r\n\t\t   <p class=\"couv_titre\">Sols en 3D<\/p>\r\n\t  <\/a>\r\n<\/div>\r\n<div class=\"couverture couv_small\">\r\n      <a href=\"..\/..\/index.php\/belveder-n7\/\" target=\"_blank\" rel=\"noopener\">\r\n\t\t   <p class=\"couv_date\">Num\u00e9ro 7 - septembre 2020<\/p>\r\n\t  \t   <img class=\"imageCouverture\" src=\"..\/..\/wp-content\/uploads\/2020\/09\/couverture_Belveder_n7.jpg\" alt=\"BelvedeR_N7\"\/>\r\n\t\t   <p class=\"couv_titre\">Vu(es) de la rue<\/p>\r\n\t  <\/a>\r\n<\/div>\r\n<div class=\"couverture couv_small\">\r\n      <a href=\"..\/..\/index.php\/belveder-n6\/\" target=\"_blank\" rel=\"noopener\">\r\n\t\t   <p class=\"couv_date\">Num\u00e9ro 6 - d\u00e9cembre 2019<\/p>\r\n\t  \t   <img class=\"imageCouverture\" src=\"..\/..\/wp-content\/uploads\/2020\/02\/couverture_BelvedeR_n6.png\" alt=\"BelvedeR_N6\"\/>\r\n\t\t   <p class=\"couv_titre\">Sant\u00e9<\/p>\r\n\t  <\/a>\r\n<\/div>\r\n<div class=\"couverture couv_small\">\r\n      <a href=\"..\/..\/index.php\/belveder-n5\/\" target=\"_blank\" rel=\"noopener\">\r\n\t\t   <p class=\"couv_date\">Num\u00e9ro 5 - ao\u00fbt 2019<\/p>\r\n\t  \t   <img class=\"imageCouverture\" src=\"..\/..\/wp-content\/uploads\/2019\/07\/couverture_BelvedeR_n5.png\" alt=\"BelvedeR_N5\"\/>\r\n\t\t   <p class=\"couv_titre\">Dess(e)in de territoire<\/p>\r\n\t  <\/a>\r\n<\/div>\r\n<div class=\"couverture couv_small\">\r\n      <a href=\"..\/..\/index.php\/belveder-n4\/\" target=\"_blank\" rel=\"noopener\">\r\n\t\t   <p class=\"couv_date\">Num\u00e9ro 4 - d\u00e9cembre 2018<\/p>\r\n\t  \t   <img class=\"imageCouverture\" src=\"..\/..\/wp-content\/uploads\/2019\/01\/couverture_BelvedeR_n4.png\" alt=\"BelvedeR_N4\"\/>\r\n\t\t   <p class=\"couv_titre\">La ville \u00e0 l'\u00e9preuve du commerce<\/p>\r\n\t  <\/a>\r\n<\/div>\r\n<div class=\"couverture couv_small\">\r\n      <a href=\"..\/..\/index.php\/belveder-n3\/\" target=\"_blank\" rel=\"noopener\">\r\n\t\t   <p class=\"couv_date\">Num\u00e9ro 3 - juin 2018<\/p>\r\n\t  \t   <img class=\"imageCouverture\" src=\"..\/..\/wp-content\/uploads\/2018\/06\/couverture_BelvedeR_n3.PNG\" alt=\"BelvedeR_N3\"\/>\r\n\t\t   <p class=\"couv_titre\">Les coulisses de la ville<\/p>\r\n\t  <\/a>\r\n<\/div>\r\n<div class=\"couverture couv_small\">\r\n      <a href=\"..\/..\/index.php\/belveder-n2\/\" target=\"_blank\" rel=\"noopener\">\r\n\t\t   <p class=\"couv_date\">Num\u00e9ro 2 - janvier 2018<\/p>\r\n\t  \t   <img class=\"imageCouverture\" src=\"..\/..\/wp-content\/uploads\/2018\/01\/couverture_BelvedeR_n2.png\" alt=\"BelvedeR_N2\"\/>\r\n\t\t   <p class=\"couv_titre\">Ville et num\u00e9rique<\/p>\r\n\t  <\/a>\r\n<\/div>\r\n<div class=\"couverture couv_small\">\r\n      <a href=\"..\/..\/index.php\/belveder-n1\/\" target=\"_blank\" rel=\"noopener\">\r\n\t   \t  <p class=\"couv_date\">Num\u00e9ro 1 - juin 2017<\/p>\r\n\t\t  <img class=\"imageCouverture\" src=\"..\/..\/wp-content\/uploads\/2017\/10\/couverture_ok.jpg\" alt=\"BelvedeR_N1\"\/>\r\n\t\t  <p class=\"couv_titre\">Identit\u00e9s m\u00e9tropolitaines<\/p>\r\n\t  <\/a>\r\n<\/div>\r\n<div class=\"couverture couv_small\">\r\n\t<a href=\"..\/..\/index.php\/belveder-n0\/\" target=\"_blank\" rel=\"noopener\">\r\n        <p class=\"couv_date\">Num\u00e9ro 0 - d\u00e9cembre 2016<\/p>\r\n\t\t<img class=\"imageCouverture\" src=\"..\/..\/wp-content\/uploads\/2017\/10\/couv_Belveder_n0.jpg\" alt=\"BelvedeR_N0\">\r\n    \t<p class=\"couv_titre\">Fait urbain, fait m\u00e9tropolitain<\/p>\r\n\t<\/a>\r\n<\/div>\r\n\n","protected":false},"excerpt":{"rendered":"","protected":false},"author":2,"featured_media":0,"parent":0,"menu_order":0,"comment_status":"closed","ping_status":"closed","template":"","meta":[],"_links":{"self":[{"href":"https:\/\/revue-belveder.org\/index.php\/wp-json\/wp\/v2\/pages\/22"}],"collection":[{"href":"https:\/\/revue-belveder.org\/index.php\/wp-json\/wp\/v2\/pages"}],"about":[{"href":"https:\/\/revue-belveder.org\/index.php\/wp-json\/wp\/v2\/types\/page"}],"author":[{"embeddable":true,"href":"https:\/\/revue-belveder.org\/index.php\/wp-json\/wp\/v2\/users\/2"}],"replies":[{"embeddable":true,"href":"https:\/\/revue-belveder.org\/index.php\/wp-json\/wp\/v2\/comments?post=22"}],"version-history":[{"count":101,"href":"https:\/\/revue-belveder.org\/index.php\/wp-json\/wp\/v2\/pages\/22\/revisions"}],"predecessor-version":[{"id":5411,"href":"https:\/\/revue-belveder.org\/index.php\/wp-json\/wp\/v2\/pages\/22\/revisions\/5411"}],"wp:attachment":[{"href":"https:\/\/revue-belveder.org\/index.php\/wp-json\/wp\/v2\/media?parent=22"}],"curies":[{"name":"wp","href":"https:\/\/api.w.org\/{rel}","templated":true}]}}