{"id":4295,"date":"2022-05-02T11:27:02","date_gmt":"2022-05-02T09:27:02","guid":{"rendered":"https:\/\/revue-belveder.org\/?page_id=4295"},"modified":"2025-10-31T10:47:14","modified_gmt":"2025-10-31T09:47:14","slug":"accueil","status":"publish","type":"page","link":"https:\/\/revue-belveder.org\/","title":{"rendered":"Accueil"},"content":{"rendered":"<!--div class=\"myFlex\" style=\"display:block; position: relative; margin:auto; text-align:center; margin-top:30px; margin-bottom:30px;\"><a href=\"https:\/\/www.aua-toulouse.org\/graphisme-concours-pour-la-couverture-de-la-revue-belveder-detours-demographiques\/\" target=\"_blank\" rel=\"noopener\" style=\"margin-bottom:10px;\"><img style=\"border-radius: 7px;\" src=\"https:\/\/revue-belveder.org\/wp-content\/uploads\/2025\/03\/concours2025.png\" width=\"900px\"><\/a><div class=\"myButtonNum\" style=\"max-width:300px; max-height:40px;  margin:auto; display:block; position: relative; padding:8px; \"><a target=\"_blank\" href=\"https:\/\/www.aua-toulouse.org\/graphisme-concours-pour-la-couverture-de-la-revue-belveder-detours-demographiques\/\" style=\"padding:15px;\" rel=\"noopener\">Je participe !<\/a><\/div><\/div-->\r\n<div class=\"myFlex\">\r\n<div class=\"couverture\"><a href=\"https:\/\/revue-belveder.org\/index.php\/belveder-n-14\/\"><img class=\"imageCouverture\" src=\"..\/..\/wp-content\/uploads\/PDF\/N14\/Belvedern014.png\" alt=\"Belveder_N14\" \/><\/a><\/div>\r\n&nbsp;\r\n<div class=\"theme\">\r\n<div class=\"texte\">\r\n\r\n<strong>\r\nEst-il encore raisonnable de tabler sur la croissance d\u00e9mographique de son territoire dans un contexte de ralentissement g\u00e9n\u00e9ralis\u00e9 ? L\u2019attractivit\u00e9 territoriale ne doit-elle se mesurer qu\u2019en gain de population jeune, active et avec enfants ?\r\n<\/strong>\r\n<br><br>\r\nEt quelles politiques publiques pour tenir compte des seniors en tant qu\u2019acteurs du dynamisme local et \u00e9conomique ? Autant de questions au coeur de ce nouveau num\u00e9ro de BelvedeR.\r\n\r\n<\/div>\r\n<div class=\"myButtonNum\"><a href=\"https:\/\/revue-belveder.org\/index.php\/belveder-n-14\/\">Lire le dernier num\u00e9ro<\/a><\/div>\r\n<\/div>\r\n<\/div>\r\n<h3>Tous les num\u00e9ros<\/h3>\r\n&nbsp;\r\n\r\n<div class=\"couverture couv_small\" onclick=\"window.location.href='..\/..\/index.php\/belveder-n13\/'\">\r\n<p class=\"couv_date\">Num\u00e9ro 13 - d\u00e9cembre 2024<\/p>\r\n<img class=\"imageCouverture\" src=\"https:\/\/revue-belveder.org\/wp-content\/uploads\/2025\/02\/couverture_n13.png\" alt=\"BelvedeR_N13\" \/>\r\n<p class=\"couv_titre\">Pyr\u00e9n\u00e9es si loin si proches<\/p>\r\n&nbsp;\r\n\r\n<\/div>\r\n<div class=\"couverture couv_small\" onclick=\"window.location.href='..\/..\/index.php\/belveder-n12\/'\">\r\n<p class=\"couv_date\">Num\u00e9ro 12 - mars 2024<\/p>\r\n<img class=\"imageCouverture\" src=\"..\/..\/wp-content\/uploads\/2024\/03\/Belveder12_vdef_Page_01-scaled.jpg\" alt=\"BelvedeR_N12\" \/>\r\n<p class=\"couv_titre\">D\u00e9carboner les territoires<\/p>\r\n&nbsp;\r\n\r\n<\/div>\r\n<div class=\"couverture couv_small\" onclick=\"window.location.href='..\/..\/index.php\/belveder-n11\/'\">\r\n<p class=\"couv_date\">Num\u00e9ro 11 - septembre 2023<\/p>\r\n<img class=\"imageCouverture\" src=\"..\/..\/wp-content\/uploads\/2023\/09\/couverture_Belveder_n11.jpg\" alt=\"BelvedeR_N11\" \/>\r\n<p class=\"couv_titre\">La ville terrain de sport<\/p>\r\n&nbsp;\r\n\r\n<\/div>\r\n<div class=\"couverture couv_small\" onclick=\"window.location.href='..\/..\/index.php\/belveder-n10\/'\">\r\n<p class=\"couv_date\">Num\u00e9ro 10 - septembre 2022<\/p>\r\n<img class=\"imageCouverture\" src=\"..\/..\/wp-content\/uploads\/2022\/10\/couverture_Belveder_n10.jpg\" alt=\"BelvedeR_N10\" \/>\r\n<p class=\"couv_titre\">Variations autour du changement<\/p>\r\n&nbsp;\r\n\r\n<\/div>\r\n<div class=\"couverture couv_small\" onclick=\"window.location.href='..\/..\/index.php\/belveder-n9\/'\">\r\n<p class=\"couv_date\">Num\u00e9ro 9 - novembre 2021<\/p>\r\n<img class=\"imageCouverture\" src=\"..\/..\/wp-content\/uploads\/2021\/11\/couverture_Belveder_n9.jpg\" alt=\"BelvedeR_N9\" \/>\r\n<p class=\"couv_titre\">Cultures et territoires en dialogue<\/p>\r\n&nbsp;\r\n\r\n<\/div>\r\n<div class=\"couverture couv_small\" onclick=\"window.location.href='..\/..\/index.php\/belveder-n8\/'\">\r\n<p class=\"couv_date\">Num\u00e9ro 8 - mars 2021<\/p>\r\n<img class=\"imageCouverture\" src=\"..\/..\/wp-content\/uploads\/2021\/04\/couverture_Belveder_n8.jpg\" alt=\"BelvedeR_N8\" \/>\r\n<p class=\"couv_titre\">Sols en 3D<\/p>\r\n&nbsp;\r\n\r\n<\/div>\r\n<div class=\"couverture couv_small\" onclick=\"window.location.href='..\/..\/index.php\/belveder-n7\/'\">\r\n<p class=\"couv_date\">Num\u00e9ro 7 - septembre 2020<\/p>\r\n<img class=\"imageCouverture\" src=\"..\/..\/wp-content\/uploads\/2020\/09\/couverture_Belveder_n7.jpg\" alt=\"BelvedeR_N7\" \/>\r\n<p class=\"couv_titre\">Vu(es) de la rue<\/p>\r\n&nbsp;\r\n\r\n<\/div>\r\n<div class=\"couverture couv_small\" onclick=\"window.location.href='..\/..\/index.php\/belveder-n6\/'\">\r\n<p class=\"couv_date\">Num\u00e9ro 6 - d\u00e9cembre 2019<\/p>\r\n<img class=\"imageCouverture\" src=\"..\/..\/wp-content\/uploads\/2020\/02\/couverture_BelvedeR_n6.png\" alt=\"BelvedeR_N6\" \/>\r\n<p class=\"couv_titre\">Sant\u00e9<\/p>\r\n&nbsp;\r\n\r\n<\/div>\r\n<div class=\"couverture couv_small\" onclick=\"window.location.href='..\/..\/index.php\/belveder-n5\/'\">\r\n<p class=\"couv_date\">Num\u00e9ro 5 - ao\u00fbt 2019<\/p>\r\n<img class=\"imageCouverture\" src=\"..\/..\/wp-content\/uploads\/2019\/07\/couverture_BelvedeR_n5.png\" alt=\"BelvedeR_N5\" \/>\r\n<p class=\"couv_titre\">Dess(e)in de territoire<\/p>\r\n&nbsp;\r\n\r\n<\/div>\r\n<div class=\"couverture couv_small\" onclick=\"window.location.href='..\/..\/index.php\/belveder-n4\/'\">\r\n<p class=\"couv_date\">Num\u00e9ro 4 - d\u00e9cembre 2018<\/p>\r\n<img class=\"imageCouverture\" src=\"..\/..\/wp-content\/uploads\/2019\/01\/couverture_BelvedeR_n4.png\" alt=\"BelvedeR_N4\" \/>\r\n<p class=\"couv_titre\">La ville \u00e0 l'\u00e9preuve du commerce<\/p>\r\n&nbsp;\r\n\r\n<\/div>\r\n<div class=\"couverture couv_small\" onclick=\"window.location.href='..\/..\/index.php\/belveder-n3\/'\">\r\n<p class=\"couv_date\">Num\u00e9ro 3 - juin 2018<\/p>\r\n<img class=\"imageCouverture\" src=\"..\/..\/wp-content\/uploads\/2018\/06\/couverture_BelvedeR_n3.PNG\" alt=\"BelvedeR_N3\" \/>\r\n<p class=\"couv_titre\">Les coulisses de la ville<\/p>\r\n&nbsp;\r\n\r\n<\/div>\r\n<div class=\"couverture couv_small\" onclick=\"window.location.href='..\/..\/index.php\/belveder-n2\/'\">\r\n<p class=\"couv_date\">Num\u00e9ro 2 - janvier 2018<\/p>\r\n<img class=\"imageCouverture\" src=\"..\/..\/wp-content\/uploads\/2018\/01\/couverture_BelvedeR_n2.png\" alt=\"BelvedeR_N2\" \/>\r\n<p class=\"couv_titre\">Ville et num\u00e9rique<\/p>\r\n&nbsp;\r\n\r\n<\/div>\r\n<div class=\"couverture couv_small\" onclick=\"window.location.href='..\/..\/index.php\/belveder-n1\/'\">\r\n<p class=\"couv_date\">Num\u00e9ro 1 - juin 2017<\/p>\r\n<img class=\"imageCouverture\" src=\"..\/..\/wp-content\/uploads\/2017\/10\/couverture_ok.jpg\" alt=\"BelvedeR_N1\" \/>\r\n<p class=\"couv_titre\">Identit\u00e9s m\u00e9tropolitaines<\/p>\r\n&nbsp;\r\n\r\n<\/div>\r\n<div class=\"couverture couv_small\" onclick=\"window.location.href='..\/..\/index.php\/belveder-n0\/'\">\r\n<p class=\"couv_date\">Num\u00e9ro 0 - d\u00e9cembre 2016<\/p>\r\n<img class=\"imageCouverture\" src=\"..\/..\/wp-content\/uploads\/2017\/10\/couv_Belveder_n0.jpg\" alt=\"BelvedeR_N0\" \/>\r\n<p class=\"couv_titre\">Fait urbain, fait m\u00e9tropolitain<\/p>\r\n&nbsp;\r\n\r\n<\/div>","protected":false},"excerpt":{"rendered":"&nbsp; Est-il encore raisonnable de tabler sur la croissance d\u00e9mographique de son territoire dans un contexte de ralentissement g\u00e9n\u00e9ralis\u00e9 ? L\u2019attractivit\u00e9 territoriale ne doit-elle se mesurer qu\u2019en gain de population jeune, active et avec enfants ? Et quelles politiques publiques&hellip; ","protected":false},"author":2,"featured_media":0,"parent":0,"menu_order":0,"comment_status":"closed","ping_status":"closed","template":"","meta":[],"_links":{"self":[{"href":"https:\/\/revue-belveder.org\/index.php\/wp-json\/wp\/v2\/pages\/4295"}],"collection":[{"href":"https:\/\/revue-belveder.org\/index.php\/wp-json\/wp\/v2\/pages"}],"about":[{"href":"https:\/\/revue-belveder.org\/index.php\/wp-json\/wp\/v2\/types\/page"}],"author":[{"embeddable":true,"href":"https:\/\/revue-belveder.org\/index.php\/wp-json\/wp\/v2\/users\/2"}],"replies":[{"embeddable":true,"href":"https:\/\/revue-belveder.org\/index.php\/wp-json\/wp\/v2\/comments?post=4295"}],"version-history":[{"count":52,"href":"https:\/\/revue-belveder.org\/index.php\/wp-json\/wp\/v2\/pages\/4295\/revisions"}],"predecessor-version":[{"id":5401,"href":"https:\/\/revue-belveder.org\/index.php\/wp-json\/wp\/v2\/pages\/4295\/revisions\/5401"}],"wp:attachment":[{"href":"https:\/\/revue-belveder.org\/index.php\/wp-json\/wp\/v2\/media?parent=4295"}],"curies":[{"name":"wp","href":"https:\/\/api.w.org\/{rel}","templated":true}]}}